{"id":32,"date":"2023-09-14T08:17:05","date_gmt":"2023-09-14T06:17:05","guid":{"rendered":"https:\/\/www.neuebauhaeusler.com\/?page_id=32"},"modified":"2025-07-30T14:23:41","modified_gmt":"2025-07-30T12:23:41","slug":"impressum","status":"publish","type":"page","link":"https:\/\/www.neuebauhaeusler.com\/en\/impressum\/","title":{"rendered":"legal info"},"content":{"rendered":"<div data-elementor-type=\"wp-page\" data-elementor-id=\"32\" class=\"elementor elementor-32\" data-elementor-post-type=\"page\">\n\t\t\t\t\t\t<section class=\"elementor-section elementor-top-section elementor-element elementor-element-070b276 elementor-section-boxed elementor-section-height-default elementor-section-height-default\" data-id=\"070b276\" data-element_type=\"section\" data-e-type=\"section\">\n\t\t\t\t\t\t<div class=\"elementor-container elementor-column-gap-default\">\n\t\t\t\t\t<div class=\"elementor-column elementor-col-100 elementor-top-column elementor-element elementor-element-9960be3\" data-id=\"9960be3\" data-element_type=\"column\" data-e-type=\"column\">\n\t\t\t<div class=\"elementor-widget-wrap elementor-element-populated\">\n\t\t\t\t\t\t<div class=\"elementor-element elementor-element-c6217aa elementor-widget elementor-widget-spacer\" data-id=\"c6217aa\" data-element_type=\"widget\" data-e-type=\"widget\" data-widget_type=\"spacer.default\">\n\t\t\t\t<div class=\"elementor-widget-container\">\n\t\t\t\t\t\t\t<div class=\"elementor-spacer\">\n\t\t\t<div class=\"elementor-spacer-inner\"><\/div>\n\t\t<\/div>\n\t\t\t\t\t\t<\/div>\n\t\t\t\t<\/div>\n\t\t\t\t<div class=\"elementor-element elementor-element-2a08a5d elementor-widget elementor-widget-heading\" data-id=\"2a08a5d\" data-element_type=\"widget\" data-e-type=\"widget\" data-widget_type=\"heading.default\">\n\t\t\t\t<div class=\"elementor-widget-container\">\n\t\t\t\t\t<h2 class=\"elementor-heading-title elementor-size-default\">Saxony-Anhalt<\/h2>\t\t\t\t<\/div>\n\t\t\t\t<\/div>\n\t\t\t\t<div class=\"elementor-element elementor-element-76afb9c elementor-widget elementor-widget-text-editor\" data-id=\"76afb9c\" data-element_type=\"widget\" data-e-type=\"widget\" data-widget_type=\"text-editor.default\">\n\t\t\t\t<div class=\"elementor-widget-container\">\n\t\t\t\t\t\t\t\t\t<p><strong>Staatskanzlei und Ministerium<br \/>f\u00fcr Kultur Sachsen-Anhalt<\/strong><\/p><p>Hegelstra\u00dfe 40 \u2013 42<br \/>39104 Magdeburg<\/p><p>Telefon: +49 391 567-01<br \/>E-Mail: staatskanzlei(at)stk.sachsen-anhalt.de<\/p><p><strong>I. Herausgeber und Diensteanbieter<\/strong><br \/><strong>Herausgeber und Diensteanbieter gem. \u00a7 5 Abs. 1 TMG ist das Land Sachsen-Anhalt.<\/strong><\/p><p>Staatskanzlei und Ministerium f\u00fcr Kultur<br \/>des Landes Sachsen-Anhalt<br \/>Presse- und Informationsamt der Landesregierung<br \/>Hegelstra\u00dfe 40 &#8211; 42<br \/>39104 Magdeburg<br \/>Telefon: +49 391 567-01<br \/>E-Mail: staatskanzlei(at)stk.sachsen-anhalt.de<\/p><p>\u00a0<\/p><p>Inhaltlich verantwortlich gem. \u00a7 18 Abs. 2 MStV:<\/p><p><strong>Gesamtredaktion<\/strong><\/p><p><em>Presse- und Informationsamt der Landesregierung<\/em><br \/><em>Referat 34 \u201e\u00d6ffentlichkeitsarbeit f\u00fcr Kultur, Medien und Strukturwandel\u201c<\/em><br \/>Antonia Fritsche<\/p><p>Staatskanzlei und Ministerium f\u00fcr Kultur<br \/>des Landes Sachsen-Anhalt<br \/>Hegelstra\u00dfe 42<br \/>39104 Magdeburg<\/p><p>Telefon: +49 391 567 6520<br \/>E-Mail: antonia.fritsche(at)stk.sachsen-anhalt.de<br \/>Internet: www.stk.sachsen-anhalt.de<\/p><p><strong><br \/>II. Rechtshinweise<\/strong><\/p><p><span style=\"text-decoration: underline;\">Haftungsausschluss<\/span><br \/>Das Presse- und Informationsamt der Landesregierung Sachsen-Anhalt stellt das Internetangebot unter folgenden Nutzungsbedingungen zur Verf\u00fcgung:\u00a0Alle Inhalte unseres Internetangebotes werden sorgf\u00e4ltig gepr\u00fcft. Wir bem\u00fchen uns, dieses Angebot aktuell, inhaltlich richtig und vollst\u00e4ndig anzubieten. Dennoch ist das Auftreten von Fehlern und M\u00e4ngeln nicht v\u00f6llig auszuschlie\u00dfen. Eine Garantie f\u00fcr die Vollst\u00e4ndigkeit, Richtigkeit und Aktualit\u00e4t kann daher nicht \u00fcbernommen werden.<br \/>Das Presse- und Informationsamt ist als Dienstanbieter gem. \u00a7 7 Abs. 1 Telemediengesetz (TMG) f\u00fcr die eigenen Inhalte verantwortlich. Die Haftung f\u00fcr Verm\u00f6genssch\u00e4den oder Nichtverm\u00f6genssch\u00e4den, ausgenommen Sch\u00e4den an Leben, K\u00f6rper oder Gesundheit, die durch die Nutzung der Inhalte verursacht werden, ist ausgeschlossen, sofern nicht Vorsatz oder grob fahrl\u00e4ssiges Verschulden des Autors vorliegen.<\/p><p>Das Presse- und Informationsamt macht sich den Inhalt der innerhalb seines Angebotes zus\u00e4tzlich per Hyperlinks zug\u00e4nglich gemachten fremden Websites ausdr\u00fccklich nicht zu Eigen und kann f\u00fcr deren inhaltliche Korrektheit, Vollst\u00e4ndigkeit, Qualit\u00e4t, Verf\u00fcgbarkeit sowie die Einhaltung von Bestimmungen nach dem deutschen Datenschutzrecht keine Gew\u00e4hr leisten. Diese Erkl\u00e4rung gilt sowohl f\u00fcr die Internetseiten Dritter, die das Internetportal des Landes durch externe Links zug\u00e4nglich macht, als auch f\u00fcr die Inhalte verschiedener Rubriken im Landesportal, die durch die zust\u00e4ndigen Ministerien koordiniert werden. Ein Haftungsausschluss des Presse- und Informationsamtes der Landesregierung besteht gem\u00e4\u00df \u00a7 8 Abs. 1 TMG auch f\u00fcr die Inhalte der sogenannten Fachportale innerhalb des Landesportals <a href=\"https:\/\/www.sachsen-anhalt.de\/startseite\" target=\"_blank\" rel=\"noopener noreferrer nofollow\">www.sachsen-anhalt.de<\/a>.<\/p><p>Das Presse- und Informationsamt der Landesregierung beh\u00e4lt sich ausdr\u00fccklich vor, einzelne Dokumente oder das gesamte Angebot der Website ohne gesonderte Ank\u00fcndigung zu ver\u00e4ndern, zu erg\u00e4nzen, zu l\u00f6schen oder die Ver\u00f6ffentlichung im Internet zeitweise oder endg\u00fcltig einzustellen.<\/p><p>Das Presse- und Informationsamt der Landesregierung distanziert sich von allen fremden Inhalten, die m\u00f6glicherweise straf- oder haftungsrechtlich relevant sind oder gegen die guten Sitten versto\u00dfen.<\/p><p>Diese Erkl\u00e4rung gilt f\u00fcr alle Internetseiten Dritter, zu denen aktuell und zuk\u00fcnftig im Landesportal Sachsen-Anhalt Verweise f\u00fchren, solange das Presse- und Informationsamt keine Kenntnis von eventuellen rechtswidrigen bzw. strafbaren Inhalten auf den verlinkten Seiten hat. Wir sind nicht dazu verpflichtet, st\u00e4ndig zu pr\u00fcfen, ob sich auf den verlinkten Seiten Ver\u00e4nderungen ergeben haben. Sollten Sie der Ansicht sein, dass verlinkte externe Inhalte gegen geltendes Recht versto\u00dfen oder als unangemessen anzusehen sind, so teilen Sie uns dies bitte mit.<\/p><p>Dieser Haftungsausschluss ist als Teil des Internetangebotes zu beachten, von dem aus auf diese Seite verwiesen wurde. Sofern Teile oder einzelne Formulierungen dieses Textes der geltenden Rechtslage nicht, nicht mehr oder nicht vollst\u00e4ndig entsprechen sollten, bleiben die \u00fcbrigen Teile des Dokumentes in ihrem Inhalt und ihrer G\u00fcltigkeit davon unber\u00fchrt.<br \/>F\u00fcr die Nutzung des Email-Service gelten die dort ver\u00f6ffentlichten Nutzungsbedingungen.<\/p><p><span style=\"text-decoration: underline;\"><br \/>Urheber- und Kennzeichenrecht<\/span><br \/>Das Copyright f\u00fcr vom Presse- und Informationsamt der Landesregierung Sachsen-Anhalts selbst erstellte und ver\u00f6ffentlichte Inhalte verbleibt beim Herausgeber.<\/p><p>Das Layout, die grafische Gestaltung sowie die redaktionellen Beitr\u00e4ge des Angebots sowie ihre Auswahl und Zusammenstellung sind urheberrechtlich gesch\u00fctzt. Die Weiterverwendung und Vervielf\u00e4ltigung zu privaten Zwecken ist gestattet. Eine \u00f6ffentliche bzw. kommerzielle Verwendung des Angebots bedarf der vorherigen Zustimmung des Presse- und Informationsamtes. Einzelne Inhalte k\u00f6nnen gesonderte Urheberrechtsvermerke enthalten, die zu beachten sind.<\/p><p>Das Presse- und Informationsamt ist bestrebt, in allen Publikationen die Urheberrechte der verwendeten Multimedia-Elemente und Texte zu beachten, selbst erstellte Grafiken, Audio- und Videodateien und Texte zu nutzen oder auf lizenzfreie Elemente zur\u00fcckzugreifen.<\/p><p>Alle innerhalb des Internetangebots unter <a href=\"http:\/\/www.neuebauhaeusler.com\/en\/\" target=\"_blank\" rel=\"noopener noreferrer nofollow\">www.neuebauhaeusler.com<\/a> genannten und ggf. durch Dritte gesch\u00fctzten Marken und Warenzeichen unterliegen uneingeschr\u00e4nkt den Bestimmungen des jeweiligen Kennzeichenrechts und der Rechte der jeweiligen eingetragenen Inhaber. Allein aufgrund der blo\u00dfen Nennung ist nicht der Schluss zu ziehen, dass Markenzeichen nicht durch Rechte Dritter gesch\u00fctzt sind.<\/p><p><span style=\"text-decoration: underline;\"><br \/>Dienste<\/span><br \/>Es werden verschiedene kostenlose Dienste und Online-Services angeboten. Diese stehen unter dem Vorbehalt der technischen Verf\u00fcgbarkeit. Das Presse- und Informationsamt der Landesregierung Sachsen-Anhalts beh\u00e4lt sich vor, den Leistungsumfang jederzeit zu \u00e4ndern.<\/p>\t\t\t\t\t\t\t\t<\/div>\n\t\t\t\t<\/div>\n\t\t\t\t<div class=\"elementor-element elementor-element-b9912d8 elementor-widget elementor-widget-spacer\" data-id=\"b9912d8\" data-element_type=\"widget\" data-e-type=\"widget\" data-widget_type=\"spacer.default\">\n\t\t\t\t<div class=\"elementor-widget-container\">\n\t\t\t\t\t\t\t<div class=\"elementor-spacer\">\n\t\t\t<div class=\"elementor-spacer-inner\"><\/div>\n\t\t<\/div>\n\t\t\t\t\t\t<\/div>\n\t\t\t\t<\/div>\n\t\t\t\t\t<\/div>\n\t\t<\/div>\n\t\t\t\t\t<\/div>\n\t\t<\/section>\n\t\t\t\t<\/div>","protected":false},"excerpt":{"rendered":"<p>Land Sachsen-Anhalt Staatskanzlei und Ministeriumf\u00fcr Kultur Sachsen-Anhalt Hegelstra\u00dfe 40 \u2013 4239104 Magdeburg Telefon: +49 391 567-01E-Mail: staatskanzlei(at)stk.sachsen-anhalt.de I. Herausgeber und DiensteanbieterHerausgeber und Diensteanbieter gem. \u00a7 5 Abs. 1 TMG ist das Land Sachsen-Anhalt. Staatskanzlei und Ministerium f\u00fcr Kulturdes Landes Sachsen-AnhaltPresse- und Informationsamt der LandesregierungHegelstra\u00dfe 40 &#8211; 4239104 MagdeburgTelefon: +49 391 567-01E-Mail: staatskanzlei(at)stk.sachsen-anhalt.de \u00a0 Inhaltlich verantwortlich [&hellip;]<\/p>\n","protected":false},"author":1,"featured_media":0,"parent":0,"menu_order":12,"comment_status":"closed","ping_status":"closed","template":"","meta":{"_acf_changed":false,"wp_mapbox_gl_js_media":[],"footnotes":""},"class_list":["post-32","page","type-page","status-publish","hentry"],"acf":[],"_links":{"self":[{"href":"https:\/\/www.neuebauhaeusler.com\/en\/wp-json\/wp\/v2\/pages\/32","targetHints":{"allow":["GET"]}}],"collection":[{"href":"https:\/\/www.neuebauhaeusler.com\/en\/wp-json\/wp\/v2\/pages"}],"about":[{"href":"https:\/\/www.neuebauhaeusler.com\/en\/wp-json\/wp\/v2\/types\/page"}],"author":[{"embeddable":true,"href":"https:\/\/www.neuebauhaeusler.com\/en\/wp-json\/wp\/v2\/users\/1"}],"replies":[{"embeddable":true,"href":"https:\/\/www.neuebauhaeusler.com\/en\/wp-json\/wp\/v2\/comments?post=32"}],"version-history":[{"count":5,"href":"https:\/\/www.neuebauhaeusler.com\/en\/wp-json\/wp\/v2\/pages\/32\/revisions"}],"predecessor-version":[{"id":6161,"href":"https:\/\/www.neuebauhaeusler.com\/en\/wp-json\/wp\/v2\/pages\/32\/revisions\/6161"}],"wp:attachment":[{"href":"https:\/\/www.neuebauhaeusler.com\/en\/wp-json\/wp\/v2\/media?parent=32"}],"curies":[{"name":"wp","href":"https:\/\/api.w.org\/{rel}","templated":true}]}}