{"id":4036,"date":"2024-02-05T14:08:14","date_gmt":"2024-02-05T13:08:14","guid":{"rendered":"https:\/\/www.neuebauhaeusler.com\/?page_id=4036"},"modified":"2024-12-18T13:35:16","modified_gmt":"2024-12-18T12:35:16","slug":"richtlinie","status":"publish","type":"page","link":"https:\/\/www.neuebauhaeusler.com\/en\/neb_info\/richtlinie\/","title":{"rendered":"Richtlinie"},"content":{"rendered":"<div data-elementor-type=\"wp-page\" data-elementor-id=\"4036\" class=\"elementor elementor-4036\" data-elementor-post-type=\"page\">\n\t\t\t\t\t\t<section class=\"elementor-section elementor-top-section elementor-element elementor-element-6c46f5e elementor-section-boxed elementor-section-height-default elementor-section-height-default\" data-id=\"6c46f5e\" data-element_type=\"section\" data-e-type=\"section\">\n\t\t\t\t\t\t<div class=\"elementor-container elementor-column-gap-default\">\n\t\t\t\t\t<div class=\"elementor-column elementor-col-100 elementor-top-column elementor-element elementor-element-9114b1e\" data-id=\"9114b1e\" data-element_type=\"column\" data-e-type=\"column\">\n\t\t\t<div class=\"elementor-widget-wrap elementor-element-populated\">\n\t\t\t\t\t\t<div class=\"elementor-element elementor-element-9180a8d elementor-widget elementor-widget-heading\" data-id=\"9180a8d\" data-element_type=\"widget\" data-e-type=\"widget\" data-widget_type=\"heading.default\">\n\t\t\t\t<div class=\"elementor-widget-container\">\n\t\t\t\t\t<h1 class=\"elementor-heading-title elementor-size-default\">Information about the directive<\/h1>\t\t\t\t<\/div>\n\t\t\t\t<\/div>\n\t\t\t\t<div class=\"elementor-element elementor-element-120c24f elementor-widget elementor-widget-spacer\" data-id=\"120c24f\" data-element_type=\"widget\" data-e-type=\"widget\" data-widget_type=\"spacer.default\">\n\t\t\t\t<div class=\"elementor-widget-container\">\n\t\t\t\t\t\t\t<div class=\"elementor-spacer\">\n\t\t\t<div class=\"elementor-spacer-inner\"><\/div>\n\t\t<\/div>\n\t\t\t\t\t\t<\/div>\n\t\t\t\t<\/div>\n\t\t\t\t<section class=\"elementor-section elementor-inner-section elementor-element elementor-element-0ab43dd elementor-section-full_width elementor-section-height-default elementor-section-height-default\" data-id=\"0ab43dd\" data-element_type=\"section\" data-e-type=\"section\">\n\t\t\t\t\t\t<div class=\"elementor-container elementor-column-gap-default\">\n\t\t\t\t\t<div data-ra-url=\"https:\/\/www.neuebauhaeusler.com\/wp-content\/uploads\/2024\/02\/Richtlinie.pdf\" data-ra-target=\"_blank\" class=\"ra-clickable-wrapper elementor-column elementor-col-50 elementor-inner-column elementor-element elementor-element-adee6ec elementor-invisible\" style=\"cursor:pointer;\" data-id=\"adee6ec\" data-element_type=\"column\" data-e-type=\"column\" data-settings=\"{&quot;background_background&quot;:&quot;classic&quot;,&quot;animation&quot;:&quot;fadeInLeft&quot;}\">\n\t\t\t<div class=\"elementor-widget-wrap elementor-element-populated\">\n\t\t\t\t\t\t<div class=\"elementor-element elementor-element-dd52d48 elementor-widget elementor-widget-text-editor\" data-id=\"dd52d48\" data-element_type=\"widget\" data-e-type=\"widget\" data-widget_type=\"text-editor.default\">\n\t\t\t\t<div class=\"elementor-widget-container\">\n\t\t\t\t\t\t\t\t\t<p class=\"p1\">Richtlinie \u00fcber die Gew\u00e4hrung von Zuwendungen zur F\u00f6rderung von Vorhaben zur Verwirklichung der Initiative \u201eNeues Europ\u00e4isches Bauhaus\u201c der Europ\u00e4ischen Kommission (NEB-Richtlinie)<\/p>\t\t\t\t\t\t\t\t<\/div>\n\t\t\t\t<\/div>\n\t\t\t\t<div class=\"elementor-element elementor-element-cdcda68 elementor-widget elementor-widget-button\" data-id=\"cdcda68\" data-element_type=\"widget\" data-e-type=\"widget\" data-widget_type=\"button.default\">\n\t\t\t\t<div class=\"elementor-widget-container\">\n\t\t\t\t\t\t\t\t\t<div class=\"elementor-button-wrapper\">\n\t\t\t\t\t<a class=\"elementor-button elementor-size-sm\" role=\"button\">\n\t\t\t\t\t\t<span class=\"elementor-button-content-wrapper\">\n\t\t\t\t\t\t<span class=\"elementor-button-icon\">\n\t\t\t\t<i aria-hidden=\"true\" class=\"fas fa-file-pdf\"><\/i>\t\t\t<\/span>\n\t\t\t\t\t\t\t\t\t<span class=\"elementor-button-text\">Anzeigen<\/span>\n\t\t\t\t\t<\/span>\n\t\t\t\t\t<\/a>\n\t\t\t\t<\/div>\n\t\t\t\t\t\t\t\t<\/div>\n\t\t\t\t<\/div>\n\t\t\t\t\t<\/div>\n\t\t<\/div>\n\t\t\t\t<div class=\"elementor-column elementor-col-50 elementor-inner-column elementor-element elementor-element-879f863 elementor-invisible\" data-id=\"879f863\" data-element_type=\"column\" data-e-type=\"column\" data-settings=\"{&quot;background_background&quot;:&quot;classic&quot;,&quot;animation&quot;:&quot;fadeInRight&quot;}\">\n\t\t\t<div class=\"elementor-widget-wrap elementor-element-populated\">\n\t\t\t\t\t\t<div class=\"elementor-element elementor-element-c799cbd elementor-widget elementor-widget-text-editor\" data-id=\"c799cbd\" data-element_type=\"widget\" data-e-type=\"widget\" data-widget_type=\"text-editor.default\">\n\t\t\t\t<div class=\"elementor-widget-container\">\n\t\t\t\t\t\t\t\t\t<p class=\"p1\"><b>\u201aGemeinsam f\u00fcr ein Neues Europ\u00e4isches Bauhaus\u2018 daf\u00fcr steht die Landesinitiative, die #NeueBauh\u00e4usler unterst\u00fctzt, ihre Ideen und Projekte zu realisieren. <\/b>Bis zum <b>02.04.2024<\/b> k\u00f6nnen Antr\u00e4ge eingereicht werden f\u00fcr die F\u00f6rderung von bis zu 100% investiver und nicht-investiver Vorhaben, sowie f\u00fcr gemeinwohlorientierte Vorhaben, f\u00fcr \u201aAngewandte Projekte\u2018 und \u201aReallabore\u2018.<\/p>\t\t\t\t\t\t\t\t<\/div>\n\t\t\t\t<\/div>\n\t\t\t\t\t<\/div>\n\t\t<\/div>\n\t\t\t\t\t<\/div>\n\t\t<\/section>\n\t\t\t\t<section class=\"elementor-section elementor-inner-section elementor-element elementor-element-79b2d5d elementor-section-full_width elementor-reverse-tablet elementor-reverse-mobile elementor-section-height-default elementor-section-height-default\" data-id=\"79b2d5d\" data-element_type=\"section\" data-e-type=\"section\">\n\t\t\t\t\t\t<div class=\"elementor-container elementor-column-gap-default\">\n\t\t\t\t\t<div class=\"elementor-column elementor-col-50 elementor-inner-column elementor-element elementor-element-198189e elementor-invisible\" data-id=\"198189e\" data-element_type=\"column\" data-e-type=\"column\" data-settings=\"{&quot;background_background&quot;:&quot;classic&quot;,&quot;animation&quot;:&quot;fadeInLeft&quot;}\">\n\t\t\t<div class=\"elementor-widget-wrap elementor-element-populated\">\n\t\t\t\t\t\t<div class=\"elementor-element elementor-element-9d79f3f elementor-widget elementor-widget-text-editor\" data-id=\"9d79f3f\" data-element_type=\"widget\" data-e-type=\"widget\" data-widget_type=\"text-editor.default\">\n\t\t\t\t<div class=\"elementor-widget-container\">\n\t\t\t\t\t\t\t\t\t<p class=\"p1\">Die Auswahl der <b>\u201aAngewandten Projekte\u2018<\/b> f\u00fcr eine F\u00f6rderung aus dem NEB\/ JTF erfolgt nach den Werten und Arbeitsweisen des <a href=\"https:\/\/www.neuebauhaeusler.com\/wp-content\/uploads\/2023\/12\/NEB_kompass_deutsch_leitfragen.pdf\" target=\"_blank\" rel=\"noopener\">NEB_COMPASS<\/a> und nach diesen festgelegten und durch die Bewilligungsbeh\u00f6rde zu pr\u00fcfenden Zielen und Kriterien im Wettbewerbsverfahren.<\/p>\t\t\t\t\t\t\t\t<\/div>\n\t\t\t\t<\/div>\n\t\t\t\t\t<\/div>\n\t\t<\/div>\n\t\t\t\t<div data-ra-url=\"https:\/\/www.neuebauhaeusler.com\/wp-content\/uploads\/2024\/02\/Auswahlkriterien_angewandte_NEB-Projekte.pdf\" data-ra-target=\"_blank\" class=\"ra-clickable-wrapper elementor-column elementor-col-50 elementor-inner-column elementor-element elementor-element-eeb550d elementor-invisible\" style=\"cursor:pointer;\" data-id=\"eeb550d\" data-element_type=\"column\" data-e-type=\"column\" data-settings=\"{&quot;background_background&quot;:&quot;classic&quot;,&quot;animation&quot;:&quot;fadeInRight&quot;}\">\n\t\t\t<div class=\"elementor-widget-wrap elementor-element-populated\">\n\t\t\t\t\t\t<div class=\"elementor-element elementor-element-db253b5 elementor-widget elementor-widget-text-editor\" data-id=\"db253b5\" data-element_type=\"widget\" data-e-type=\"widget\" data-widget_type=\"text-editor.default\">\n\t\t\t\t<div class=\"elementor-widget-container\">\n\t\t\t\t\t\t\t\t\tKriterien und Anforderungen zur Vorhabenauswahl f\u00fcr Angewandte Projekte des Neuen Europ\u00e4ischen Bauhauses\t\t\t\t\t\t\t\t<\/div>\n\t\t\t\t<\/div>\n\t\t\t\t<div class=\"elementor-element elementor-element-14c7ae8 elementor-widget elementor-widget-button\" data-id=\"14c7ae8\" data-element_type=\"widget\" data-e-type=\"widget\" data-widget_type=\"button.default\">\n\t\t\t\t<div class=\"elementor-widget-container\">\n\t\t\t\t\t\t\t\t\t<div class=\"elementor-button-wrapper\">\n\t\t\t\t\t<a class=\"elementor-button elementor-size-sm\" role=\"button\">\n\t\t\t\t\t\t<span class=\"elementor-button-content-wrapper\">\n\t\t\t\t\t\t<span class=\"elementor-button-icon\">\n\t\t\t\t<i aria-hidden=\"true\" class=\"fas fa-file-pdf\"><\/i>\t\t\t<\/span>\n\t\t\t\t\t\t\t\t\t<span class=\"elementor-button-text\">Anzeigen<\/span>\n\t\t\t\t\t<\/span>\n\t\t\t\t\t<\/a>\n\t\t\t\t<\/div>\n\t\t\t\t\t\t\t\t<\/div>\n\t\t\t\t<\/div>\n\t\t\t\t\t<\/div>\n\t\t<\/div>\n\t\t\t\t\t<\/div>\n\t\t<\/section>\n\t\t\t\t<section class=\"elementor-section elementor-inner-section elementor-element elementor-element-78264f5 elementor-section-full_width elementor-section-height-default elementor-section-height-default\" data-id=\"78264f5\" data-element_type=\"section\" data-e-type=\"section\">\n\t\t\t\t\t\t<div class=\"elementor-container elementor-column-gap-default\">\n\t\t\t\t\t<div data-ra-url=\"https:\/\/www.neuebauhaeusler.com\/wp-content\/uploads\/2024\/02\/Auswahlkriterien_NEB-Reallabor.pdf\" data-ra-target=\"_blank\" class=\"ra-clickable-wrapper elementor-column elementor-col-50 elementor-inner-column elementor-element elementor-element-a379e66 elementor-invisible\" style=\"cursor:pointer;\" data-id=\"a379e66\" data-element_type=\"column\" data-e-type=\"column\" data-settings=\"{&quot;background_background&quot;:&quot;classic&quot;,&quot;animation&quot;:&quot;fadeInLeft&quot;}\">\n\t\t\t<div class=\"elementor-widget-wrap elementor-element-populated\">\n\t\t\t\t\t\t<div class=\"elementor-element elementor-element-f7d9905 elementor-widget elementor-widget-text-editor\" data-id=\"f7d9905\" data-element_type=\"widget\" data-e-type=\"widget\" data-widget_type=\"text-editor.default\">\n\t\t\t\t<div class=\"elementor-widget-container\">\n\t\t\t\t\t\t\t\t\tKriterien und Anforderungen zur Vorhabenauswahl f\u00fcr Reallabore des Neuen Europ\u00e4ischen Bauhauses\t\t\t\t\t\t\t\t<\/div>\n\t\t\t\t<\/div>\n\t\t\t\t<div class=\"elementor-element elementor-element-80c29a8 elementor-widget elementor-widget-button\" data-id=\"80c29a8\" data-element_type=\"widget\" data-e-type=\"widget\" data-widget_type=\"button.default\">\n\t\t\t\t<div class=\"elementor-widget-container\">\n\t\t\t\t\t\t\t\t\t<div class=\"elementor-button-wrapper\">\n\t\t\t\t\t<a class=\"elementor-button elementor-size-sm\" role=\"button\">\n\t\t\t\t\t\t<span class=\"elementor-button-content-wrapper\">\n\t\t\t\t\t\t<span class=\"elementor-button-icon\">\n\t\t\t\t<i aria-hidden=\"true\" class=\"fas fa-file-pdf\"><\/i>\t\t\t<\/span>\n\t\t\t\t\t\t\t\t\t<span class=\"elementor-button-text\">Anzeigen<\/span>\n\t\t\t\t\t<\/span>\n\t\t\t\t\t<\/a>\n\t\t\t\t<\/div>\n\t\t\t\t\t\t\t\t<\/div>\n\t\t\t\t<\/div>\n\t\t\t\t\t<\/div>\n\t\t<\/div>\n\t\t\t\t<div class=\"elementor-column elementor-col-50 elementor-inner-column elementor-element elementor-element-ba67c3d elementor-invisible\" data-id=\"ba67c3d\" data-element_type=\"column\" data-e-type=\"column\" data-settings=\"{&quot;background_background&quot;:&quot;classic&quot;,&quot;animation&quot;:&quot;fadeInRight&quot;}\">\n\t\t\t<div class=\"elementor-widget-wrap elementor-element-populated\">\n\t\t\t\t\t\t<div class=\"elementor-element elementor-element-bf97b2c elementor-widget elementor-widget-text-editor\" data-id=\"bf97b2c\" data-element_type=\"widget\" data-e-type=\"widget\" data-widget_type=\"text-editor.default\">\n\t\t\t\t<div class=\"elementor-widget-container\">\n\t\t\t\t\t\t\t\t\t<p>Die Auswahl der <strong>\u201aReallabore\u2018<\/strong> f\u00fcr eine F\u00f6rderung aus dem NEB\/ JTF erfolgt nach den Werten und Arbeitsweisen des <a href=\"https:\/\/www.neuebauhaeusler.com\/wp-content\/uploads\/2023\/12\/NEB_kompass_deutsch_leitfragen.pdf\" target=\"_blank\" rel=\"noopener\">NEB_COMPASS<\/a> und zweistufig in einem Juryverfahren mit angeschlossener Pr\u00fcfung durch die Bewilligungsbeh\u00f6rde gem\u00e4\u00df diesen festgelegten Zielen und Kriterien.<\/p>\t\t\t\t\t\t\t\t<\/div>\n\t\t\t\t<\/div>\n\t\t\t\t\t<\/div>\n\t\t<\/div>\n\t\t\t\t\t<\/div>\n\t\t<\/section>\n\t\t\t\t<section class=\"elementor-section elementor-inner-section elementor-element elementor-element-2c05997 elementor-section-full_width elementor-reverse-tablet elementor-reverse-mobile elementor-section-height-default elementor-section-height-default\" data-id=\"2c05997\" data-element_type=\"section\" data-e-type=\"section\">\n\t\t\t\t\t\t<div class=\"elementor-container elementor-column-gap-default\">\n\t\t\t\t\t<div class=\"elementor-column elementor-col-50 elementor-inner-column elementor-element elementor-element-93fab1a elementor-invisible\" data-id=\"93fab1a\" data-element_type=\"column\" data-e-type=\"column\" data-settings=\"{&quot;background_background&quot;:&quot;classic&quot;,&quot;animation&quot;:&quot;fadeInLeft&quot;}\">\n\t\t\t<div class=\"elementor-widget-wrap elementor-element-populated\">\n\t\t\t\t\t\t<div class=\"elementor-element elementor-element-ba1aef8 elementor-widget elementor-widget-text-editor\" data-id=\"ba1aef8\" data-element_type=\"widget\" data-e-type=\"widget\" data-widget_type=\"text-editor.default\">\n\t\t\t\t<div class=\"elementor-widget-container\">\n\t\t\t\t\t\t\t\t\tWissenschaft, Forschung und Hochschulen des Landes Sachsen-Anhalt k\u00f6nnen Mittel beantragen, um au\u00dfergew\u00f6hnliche und transferierbare Projekte im Sinne von Prototypen zu entwickeln, die das Mitteldeutsche Revier Sachsen-Anhalt und Europa als starken, vernetzten und inklusiven M\u00f6glichkeitsraum \u00e4sthetischer Erfahrung und Erkenntnis in nachhaltig gestalteten, inspirierenden Lebensumfeldern fortschreiben. Projekte k\u00f6nnen nach Ma\u00dfgabe der Grunds\u00e4tze durch vorhabenbezogene Zuweisungen an die Hochschulen des Landes gef\u00f6rdert werden.\t\t\t\t\t\t\t\t<\/div>\n\t\t\t\t<\/div>\n\t\t\t\t\t<\/div>\n\t\t<\/div>\n\t\t\t\t<div data-ra-url=\"https:\/\/www.neuebauhaeusler.com\/wp-content\/uploads\/2024\/12\/WISSENSCHAFT_21-27_Foerdergrundsaetze.pdf\" data-ra-target=\"_blank\" class=\"ra-clickable-wrapper elementor-column elementor-col-50 elementor-inner-column elementor-element elementor-element-41c5ec5 elementor-invisible\" style=\"cursor:pointer;\" data-id=\"41c5ec5\" data-element_type=\"column\" data-e-type=\"column\" data-settings=\"{&quot;background_background&quot;:&quot;classic&quot;,&quot;animation&quot;:&quot;fadeInRight&quot;}\">\n\t\t\t<div class=\"elementor-widget-wrap elementor-element-populated\">\n\t\t\t\t\t\t<div class=\"elementor-element elementor-element-03e0d0d elementor-widget elementor-widget-text-editor\" data-id=\"03e0d0d\" data-element_type=\"widget\" data-e-type=\"widget\" data-widget_type=\"text-editor.default\">\n\t\t\t\t<div class=\"elementor-widget-container\">\n\t\t\t\t\t\t\t\t\t<p class=\"p1\">Grunds\u00e4tze der F\u00f6rderung von Wissenschaft und Forschung an Hochschulen, sowie des Neuen Europ\u00e4ischen Bauhauses in Sachsen-Anhalt aus Mitteln der Europ\u00e4ischen Union in der F\u00f6rderperiode 2021-2027<\/p>\t\t\t\t\t\t\t\t<\/div>\n\t\t\t\t<\/div>\n\t\t\t\t<div class=\"elementor-element elementor-element-908272e elementor-widget elementor-widget-button\" data-id=\"908272e\" data-element_type=\"widget\" data-e-type=\"widget\" data-widget_type=\"button.default\">\n\t\t\t\t<div class=\"elementor-widget-container\">\n\t\t\t\t\t\t\t\t\t<div class=\"elementor-button-wrapper\">\n\t\t\t\t\t<a class=\"elementor-button elementor-size-sm\" role=\"button\">\n\t\t\t\t\t\t<span class=\"elementor-button-content-wrapper\">\n\t\t\t\t\t\t<span class=\"elementor-button-icon\">\n\t\t\t\t<i aria-hidden=\"true\" class=\"fas fa-file-pdf\"><\/i>\t\t\t<\/span>\n\t\t\t\t\t\t\t\t\t<span class=\"elementor-button-text\">Anzeigen<\/span>\n\t\t\t\t\t<\/span>\n\t\t\t\t\t<\/a>\n\t\t\t\t<\/div>\n\t\t\t\t\t\t\t\t<\/div>\n\t\t\t\t<\/div>\n\t\t\t\t\t<\/div>\n\t\t<\/div>\n\t\t\t\t\t<\/div>\n\t\t<\/section>\n\t\t\t\t<section class=\"elementor-section elementor-inner-section elementor-element elementor-element-50bfc2a elementor-section-full_width elementor-section-height-default elementor-section-height-default\" data-id=\"50bfc2a\" data-element_type=\"section\" data-e-type=\"section\">\n\t\t\t\t\t\t<div class=\"elementor-container elementor-column-gap-default\">\n\t\t\t\t\t<div data-ra-url=\"https:\/\/www.neuebauhaeusler.com\/wp-content\/uploads\/2024\/12\/2024_10_15_Erlass_Foerdergrundsaetze_final.pdf\" data-ra-target=\"_blank\" class=\"ra-clickable-wrapper elementor-column elementor-col-50 elementor-inner-column elementor-element elementor-element-1cea428 elementor-invisible\" style=\"cursor:pointer;\" data-id=\"1cea428\" data-element_type=\"column\" data-e-type=\"column\" data-settings=\"{&quot;background_background&quot;:&quot;classic&quot;,&quot;animation&quot;:&quot;fadeInLeft&quot;}\">\n\t\t\t<div class=\"elementor-widget-wrap elementor-element-populated\">\n\t\t\t\t\t\t<div class=\"elementor-element elementor-element-e530d75 elementor-widget elementor-widget-text-editor\" data-id=\"e530d75\" data-element_type=\"widget\" data-e-type=\"widget\" data-widget_type=\"text-editor.default\">\n\t\t\t\t<div class=\"elementor-widget-container\">\n\t\t\t\t\t\t\t\t\t<p class=\"p1\">Erlass zur Regelung der Grunds\u00e4tze der F\u00f6rderung von Wissenschaft und Forschung an Hochschulen, sowie des Neuen Europ\u00e4ischen Bauhauses in Sachsen-Anhalt<\/p>\t\t\t\t\t\t\t\t<\/div>\n\t\t\t\t<\/div>\n\t\t\t\t<div class=\"elementor-element elementor-element-c1b17c8 elementor-widget elementor-widget-button\" data-id=\"c1b17c8\" data-element_type=\"widget\" data-e-type=\"widget\" data-widget_type=\"button.default\">\n\t\t\t\t<div class=\"elementor-widget-container\">\n\t\t\t\t\t\t\t\t\t<div class=\"elementor-button-wrapper\">\n\t\t\t\t\t<a class=\"elementor-button elementor-size-sm\" role=\"button\">\n\t\t\t\t\t\t<span class=\"elementor-button-content-wrapper\">\n\t\t\t\t\t\t<span class=\"elementor-button-icon\">\n\t\t\t\t<i aria-hidden=\"true\" class=\"fas fa-file-pdf\"><\/i>\t\t\t<\/span>\n\t\t\t\t\t\t\t\t\t<span class=\"elementor-button-text\">Anzeigen<\/span>\n\t\t\t\t\t<\/span>\n\t\t\t\t\t<\/a>\n\t\t\t\t<\/div>\n\t\t\t\t\t\t\t\t<\/div>\n\t\t\t\t<\/div>\n\t\t\t\t\t<\/div>\n\t\t<\/div>\n\t\t\t\t<div class=\"elementor-column elementor-col-50 elementor-inner-column elementor-element elementor-element-77b7d71 elementor-invisible\" data-id=\"77b7d71\" data-element_type=\"column\" data-e-type=\"column\" data-settings=\"{&quot;background_background&quot;:&quot;classic&quot;,&quot;animation&quot;:&quot;fadeInRight&quot;}\">\n\t\t\t<div class=\"elementor-widget-wrap elementor-element-populated\">\n\t\t\t\t\t\t<div class=\"elementor-element elementor-element-c0e4b8a elementor-widget elementor-widget-text-editor\" data-id=\"c0e4b8a\" data-element_type=\"widget\" data-e-type=\"widget\" data-widget_type=\"text-editor.default\">\n\t\t\t\t<div class=\"elementor-widget-container\">\n\t\t\t\t\t\t\t\t\t<p class=\"p1\">Der Erlass regelt in welchem Rahmen der EU-Initiative zum Neuen Europ\u00e4ischen Bauhaus im JTF <b>Hochschulen als Mitantragsteller<\/b> von Verbundvorhaben gef\u00f6rdert werden k\u00f6nnen. In Verbundvorhaben wird ein Vorhaben f\u00f6rderf\u00e4hig, das auf der Basis wirksamer Zusammenarbeit von zum Beispiel au\u00dferuniversit\u00e4ren Forschungseinrichtungen, Landkreisen, kreisfreien St\u00e4dten, Gemeinden, Verbandsgemeinden, sonstigen Gemeindeverb\u00e4nden, Kreisentwicklungsgesellschaften, kommunalen Entwicklungsgesellschaften, Vereinen, Verb\u00e4nden und Stiftungen mit einer Hochschule des Landes Sachsen-Anhalt durchgef\u00fchrt wird.<\/p>\t\t\t\t\t\t\t\t<\/div>\n\t\t\t\t<\/div>\n\t\t\t\t\t<\/div>\n\t\t<\/div>\n\t\t\t\t\t<\/div>\n\t\t<\/section>\n\t\t\t\t<section class=\"elementor-section elementor-inner-section elementor-element elementor-element-5e33f91 elementor-section-full_width elementor-reverse-tablet elementor-reverse-mobile elementor-section-height-default elementor-section-height-default\" data-id=\"5e33f91\" data-element_type=\"section\" data-e-type=\"section\">\n\t\t\t\t\t\t<div class=\"elementor-container elementor-column-gap-default\">\n\t\t\t\t\t<div class=\"elementor-column elementor-col-50 elementor-inner-column elementor-element elementor-element-e9bf682 elementor-invisible\" data-id=\"e9bf682\" data-element_type=\"column\" data-e-type=\"column\" data-settings=\"{&quot;background_background&quot;:&quot;classic&quot;,&quot;animation&quot;:&quot;fadeInLeft&quot;}\">\n\t\t\t<div class=\"elementor-widget-wrap elementor-element-populated\">\n\t\t\t\t\t\t<div class=\"elementor-element elementor-element-6ede590 elementor-widget elementor-widget-text-editor\" data-id=\"6ede590\" data-element_type=\"widget\" data-e-type=\"widget\" data-widget_type=\"text-editor.default\">\n\t\t\t\t<div class=\"elementor-widget-container\">\n\t\t\t\t\t\t\t\t\tDer Erlass erm\u00f6glicht die Wiedereinf\u00fchrung von Vorschusszahlungen, sofern diese mit den zuwendungsrechtlichen Vorgaben vereinbar sind und schafft damit mehr finanzielle Planungssicherheit f\u00fcr F\u00f6rderprojekte. Au\u00dferdem wird die \u00fcbergangsweise analoge Abwicklung von Antr\u00e4gen und Abrechnungen erm\u00f6glicht. Zudem werden beihilferechtliche Vorgaben an die aktuellen EU-Verordnungen angepasst. Der Erlass pr\u00e4zisiert dar\u00fcber hinaus zentrale Begrifflichkeiten wie \u201ePersonalausgaben\u201c und regelt die pauschalierte Abrechnung f\u00f6rderf\u00e4higer Kosten, um die Antragstellung und Abwicklung der F\u00f6rderprojekte zu vereinfachen. Die \u00c4nderungen gelten vorl\u00e4ufig, bis die NEB-Richtlinie umfassend \u00fcberarbeitet wird.\t\t\t\t\t\t\t\t<\/div>\n\t\t\t\t<\/div>\n\t\t\t\t\t<\/div>\n\t\t<\/div>\n\t\t\t\t<div data-ra-url=\"https:\/\/www.neuebauhaeusler.com\/wp-content\/uploads\/2024\/12\/2024_12_04_Erlass_Aenderung_NEB-Richtlinie_final.pdf\" data-ra-target=\"_blank\" class=\"ra-clickable-wrapper elementor-column elementor-col-50 elementor-inner-column elementor-element elementor-element-d518689 elementor-invisible\" style=\"cursor:pointer;\" data-id=\"d518689\" data-element_type=\"column\" data-e-type=\"column\" data-settings=\"{&quot;background_background&quot;:&quot;classic&quot;,&quot;animation&quot;:&quot;fadeInRight&quot;}\">\n\t\t\t<div class=\"elementor-widget-wrap elementor-element-populated\">\n\t\t\t\t\t\t<div class=\"elementor-element elementor-element-ffa8b2e elementor-widget elementor-widget-text-editor\" data-id=\"ffa8b2e\" data-element_type=\"widget\" data-e-type=\"widget\" data-widget_type=\"text-editor.default\">\n\t\t\t\t<div class=\"elementor-widget-container\">\n\t\t\t\t\t\t\t\t\t<p>Erlass zur Regelung der Anpassungen und Pr\u00e4zisierungen der NEB-Richtlinie, um die Umsetzung von Vorhaben im Rahmen der Initiative Neues Europ\u00e4isches Bauhaus der EU-Kommission zu erleichtern.<\/p>\t\t\t\t\t\t\t\t<\/div>\n\t\t\t\t<\/div>\n\t\t\t\t<div class=\"elementor-element elementor-element-037dca5 elementor-widget elementor-widget-button\" data-id=\"037dca5\" data-element_type=\"widget\" data-e-type=\"widget\" data-widget_type=\"button.default\">\n\t\t\t\t<div class=\"elementor-widget-container\">\n\t\t\t\t\t\t\t\t\t<div class=\"elementor-button-wrapper\">\n\t\t\t\t\t<a class=\"elementor-button elementor-size-sm\" role=\"button\">\n\t\t\t\t\t\t<span class=\"elementor-button-content-wrapper\">\n\t\t\t\t\t\t<span class=\"elementor-button-icon\">\n\t\t\t\t<i aria-hidden=\"true\" class=\"fas fa-file-pdf\"><\/i>\t\t\t<\/span>\n\t\t\t\t\t\t\t\t\t<span class=\"elementor-button-text\">Anzeigen<\/span>\n\t\t\t\t\t<\/span>\n\t\t\t\t\t<\/a>\n\t\t\t\t<\/div>\n\t\t\t\t\t\t\t\t<\/div>\n\t\t\t\t<\/div>\n\t\t\t\t\t<\/div>\n\t\t<\/div>\n\t\t\t\t\t<\/div>\n\t\t<\/section>\n\t\t\t\t<div class=\"elementor-element elementor-element-98096dc elementor-widget elementor-widget-spacer\" data-id=\"98096dc\" data-element_type=\"widget\" data-e-type=\"widget\" data-widget_type=\"spacer.default\">\n\t\t\t\t<div class=\"elementor-widget-container\">\n\t\t\t\t\t\t\t<div class=\"elementor-spacer\">\n\t\t\t<div class=\"elementor-spacer-inner\"><\/div>\n\t\t<\/div>\n\t\t\t\t\t\t<\/div>\n\t\t\t\t<\/div>\n\t\t\t\t\t<\/div>\n\t\t<\/div>\n\t\t\t\t\t<\/div>\n\t\t<\/section>\n\t\t\t\t<\/div>","protected":false},"excerpt":{"rendered":"<p>Informationen zur Richtlinie Richtlinie \u00fcber die Gew\u00e4hrung von Zuwendungen zur F\u00f6rderung von Vorhaben zur Verwirklichung der Initiative \u201eNeues Europ\u00e4isches Bauhaus\u201c der Europ\u00e4ischen Kommission (NEB-Richtlinie) Anzeigen \u201aGemeinsam f\u00fcr ein Neues Europ\u00e4isches Bauhaus\u2018 daf\u00fcr steht die Landesinitiative, die #NeueBauh\u00e4usler unterst\u00fctzt, ihre Ideen und Projekte zu realisieren. Bis zum 02.04.2024 k\u00f6nnen Antr\u00e4ge eingereicht werden f\u00fcr die F\u00f6rderung von [&hellip;]<\/p>\n","protected":false},"author":1,"featured_media":0,"parent":801,"menu_order":13,"comment_status":"closed","ping_status":"closed","template":"","meta":{"_acf_changed":false,"wp_mapbox_gl_js_media":[],"footnotes":""},"class_list":["post-4036","page","type-page","status-publish","hentry"],"acf":[],"_links":{"self":[{"href":"https:\/\/www.neuebauhaeusler.com\/en\/wp-json\/wp\/v2\/pages\/4036","targetHints":{"allow":["GET"]}}],"collection":[{"href":"https:\/\/www.neuebauhaeusler.com\/en\/wp-json\/wp\/v2\/pages"}],"about":[{"href":"https:\/\/www.neuebauhaeusler.com\/en\/wp-json\/wp\/v2\/types\/page"}],"author":[{"embeddable":true,"href":"https:\/\/www.neuebauhaeusler.com\/en\/wp-json\/wp\/v2\/users\/1"}],"replies":[{"embeddable":true,"href":"https:\/\/www.neuebauhaeusler.com\/en\/wp-json\/wp\/v2\/comments?post=4036"}],"version-history":[{"count":5,"href":"https:\/\/www.neuebauhaeusler.com\/en\/wp-json\/wp\/v2\/pages\/4036\/revisions"}],"predecessor-version":[{"id":4805,"href":"https:\/\/www.neuebauhaeusler.com\/en\/wp-json\/wp\/v2\/pages\/4036\/revisions\/4805"}],"up":[{"embeddable":true,"href":"https:\/\/www.neuebauhaeusler.com\/en\/wp-json\/wp\/v2\/pages\/801"}],"wp:attachment":[{"href":"https:\/\/www.neuebauhaeusler.com\/en\/wp-json\/wp\/v2\/media?parent=4036"}],"curies":[{"name":"wp","href":"https:\/\/api.w.org\/{rel}","templated":true}]}}