{"id":933,"date":"2023-09-21T07:32:45","date_gmt":"2023-09-21T05:32:45","guid":{"rendered":"https:\/\/www.neuebauhaeusler.com\/?page_id=933"},"modified":"2025-07-30T14:23:32","modified_gmt":"2025-07-30T12:23:32","slug":"archiv","status":"publish","type":"page","link":"https:\/\/www.neuebauhaeusler.com\/en\/archiv\/","title":{"rendered":"Archive"},"content":{"rendered":"\t\t<div data-elementor-type=\"wp-page\" data-elementor-id=\"933\" class=\"elementor elementor-933\" data-elementor-post-type=\"page\">\n\t\t\t\t\t\t<section class=\"elementor-section elementor-top-section elementor-element elementor-element-f0a9331 elementor-section-boxed elementor-section-height-default elementor-section-height-default\" data-id=\"f0a9331\" data-element_type=\"section\" data-e-type=\"section\" data-settings=\"{&quot;background_motion_fx_translateY_effect&quot;:&quot;yes&quot;,&quot;background_motion_fx_translateY_direction&quot;:&quot;negative&quot;,&quot;background_motion_fx_translateY_speed&quot;:{&quot;unit&quot;:&quot;px&quot;,&quot;size&quot;:3.8,&quot;sizes&quot;:[]},&quot;background_motion_fx_translateY_affectedRange&quot;:{&quot;unit&quot;:&quot;%&quot;,&quot;size&quot;:&quot;&quot;,&quot;sizes&quot;:{&quot;start&quot;:0,&quot;end&quot;:100}},&quot;background_motion_fx_devices&quot;:[&quot;desktop&quot;,&quot;laptop&quot;,&quot;tablet_extra&quot;,&quot;tablet&quot;,&quot;mobile&quot;]}\">\n\t\t\t\t\t\t<div class=\"elementor-container elementor-column-gap-default\">\n\t\t\t\t\t<div class=\"elementor-column elementor-col-100 elementor-top-column elementor-element elementor-element-488fc76\" data-id=\"488fc76\" data-element_type=\"column\" data-e-type=\"column\">\n\t\t\t<div class=\"elementor-widget-wrap elementor-element-populated\">\n\t\t\t\t\t\t<div class=\"elementor-element elementor-element-57b152c elementor-widget elementor-widget-text-editor\" data-id=\"57b152c\" data-element_type=\"widget\" data-e-type=\"widget\" data-widget_type=\"text-editor.default\">\n\t\t\t\t<div class=\"elementor-widget-container\">\n\t\t\t\t\t\t\t\t\t<p><strong>Das SACHSEN-ANHALT-PROJEKT. (2021\/2022)<\/strong><\/p><p>Das Neue Europ\u00e4ische Bauhaus (NEB) startete in Sachsen-Anhalt 2021 mit dem SACHSEN-ANHALT-PROJEKT, einer Initiative f\u00fcr die Bewerbung um die ausgerufene EU-F\u00f6rderung. In ihrem Fokus: Zeitz aus dem Burgenlandkreis \u2013 eine Strukturwandelstadt und -region im Zuge des Braunkohleausstiegs. Gesucht waren im Rahmen des NEB Leuchtturmprojekte, deren postuliertes Ziel es ist, \u201enachhaltigere, integrative und sch\u00f6nere R\u00e4ume an Orten der ganzen EU zu schaffen und die B\u00fcrgerinnen und B\u00fcrger in den gr\u00fcnen Wandel auf lokaler Ebene einzubeziehen\u201c. Am 4. Mai 2022 wurden die f\u00fcnf der Engeren Wahl von der EU-Kommission bekanntgegeben. Aus Deutschland gewann das Projekt in M\u00fcnchen-Neuperlach.<\/p><p>Mehr:\u00a0<br \/><a href=\"https:\/\/archiv.neuebauhaeusler.com\/\" target=\"_blank\" rel=\"noopener noreferrer nofollow\">Neues Europ\u00e4isches Bauhaus Sachsen-Anhalt Projekt<\/a><\/p>\t\t\t\t\t\t\t\t<\/div>\n\t\t\t\t<\/div>\n\t\t\t\t<div class=\"elementor-element elementor-element-2f88e92 elementor-widget elementor-widget-spacer\" data-id=\"2f88e92\" data-element_type=\"widget\" data-e-type=\"widget\" data-widget_type=\"spacer.default\">\n\t\t\t\t<div class=\"elementor-widget-container\">\n\t\t\t\t\t\t\t<div class=\"elementor-spacer\">\n\t\t\t<div class=\"elementor-spacer-inner\"><\/div>\n\t\t<\/div>\n\t\t\t\t\t\t<\/div>\n\t\t\t\t<\/div>\n\t\t\t\t\t<\/div>\n\t\t<\/div>\n\t\t\t\t\t<\/div>\n\t\t<\/section>\n\t\t\t\t<\/div>\n\t\t","protected":false},"excerpt":{"rendered":"<p>Das SACHSEN-ANHALT-PROJEKT. (2021\/2022) Das Neue Europ\u00e4ische Bauhaus (NEB) startete in Sachsen-Anhalt 2021 mit dem SACHSEN-ANHALT-PROJEKT, einer Initiative f\u00fcr die Bewerbung um die ausgerufene EU-F\u00f6rderung. In ihrem Fokus: Zeitz aus dem Burgenlandkreis \u2013 eine Strukturwandelstadt und -region im Zuge des Braunkohleausstiegs. Gesucht waren im Rahmen des NEB Leuchtturmprojekte, deren postuliertes Ziel es ist, \u201enachhaltigere, integrative und [&hellip;]<\/p>\n","protected":false},"author":1,"featured_media":0,"parent":0,"menu_order":4,"comment_status":"closed","ping_status":"closed","template":"","meta":{"_acf_changed":false,"wp_mapbox_gl_js_media":[],"footnotes":""},"class_list":["post-933","page","type-page","status-publish","hentry"],"acf":[],"_links":{"self":[{"href":"https:\/\/www.neuebauhaeusler.com\/en\/wp-json\/wp\/v2\/pages\/933","targetHints":{"allow":["GET"]}}],"collection":[{"href":"https:\/\/www.neuebauhaeusler.com\/en\/wp-json\/wp\/v2\/pages"}],"about":[{"href":"https:\/\/www.neuebauhaeusler.com\/en\/wp-json\/wp\/v2\/types\/page"}],"author":[{"embeddable":true,"href":"https:\/\/www.neuebauhaeusler.com\/en\/wp-json\/wp\/v2\/users\/1"}],"replies":[{"embeddable":true,"href":"https:\/\/www.neuebauhaeusler.com\/en\/wp-json\/wp\/v2\/comments?post=933"}],"version-history":[{"count":5,"href":"https:\/\/www.neuebauhaeusler.com\/en\/wp-json\/wp\/v2\/pages\/933\/revisions"}],"predecessor-version":[{"id":6158,"href":"https:\/\/www.neuebauhaeusler.com\/en\/wp-json\/wp\/v2\/pages\/933\/revisions\/6158"}],"wp:attachment":[{"href":"https:\/\/www.neuebauhaeusler.com\/en\/wp-json\/wp\/v2\/media?parent=933"}],"curies":[{"name":"wp","href":"https:\/\/api.w.org\/{rel}","templated":true}]}}